{"id":2,"date":"2026-04-06T16:46:25","date_gmt":"2026-04-06T16:46:25","guid":{"rendered":"http:\/\/radioadonayfm.cl\/?page_id=2"},"modified":"2026-04-06T19:01:11","modified_gmt":"2026-04-06T19:01:11","slug":"sample-page","status":"publish","type":"page","link":"https:\/\/radioadonayfm.cl\/?page_id=2","title":{"rendered":"Quienes Somos"},"content":{"rendered":"\n<p id=\"quines-somos\">RADIO ADONAY FM es tu emisora de radio digital y FM nacida en el coraz\u00f3n de Los Lagos, Chile, dedicada a conectar comunidades a trav\u00e9s de la fe, la m\u00fasica inspiradora y noticias relevantes. <\/p>\n\n\n\n<p>Como \u00e1rea de prensa digital, somos un equipo apasionado de comunicadores, locutores y productores que fusionamos la calidez de la radio tradicional con la inmediatez de las plataformas online. <\/p>\n\n\n\n<p>Transmitimos 24\/7 en vivo por streaming, redes sociales y apps, llevando mensajes de esperanza, eventos locales y contenido exclusivo a oyentes en Puerto Varas, Puerto Montt y todo el mundo.<\/p>\n\n\n\n<p>Con ra\u00edces en valores cristianos y un compromiso con la verdad, somos el puente entre la palabra de Dios y la vida cotidiana.<\/p>\n\n\n\n<h2 class=\"wp-block-heading\" id=\"nuestra-visin\">Nuestra Visi\u00f3n<\/h2>\n\n\n\n<p>Ser la voz digital l\u00edder en radio cristiana de Chile, expandiendo el mensaje de fe y esperanza a nivel global mediante innovaciones tecnol\u00f3gicas, para que cada hogar y dispositivo se convierta en un altar de inspiraci\u00f3n y transformaci\u00f3n positiva.<\/p>\n\n\n\n<h2 class=\"wp-block-heading\" id=\"nuestra-misin\">Nuestra Misi\u00f3n<\/h2>\n\n\n\n<p>Evangelizar y edificar a nuestra audiencia con programaci\u00f3n de calidad: m\u00fasica contempor\u00e1nea cristiana, devocionales diarios, noticias \u00e9ticas y coberturas en vivo de eventos locales.<\/p>\n\n\n\n<p>A trav\u00e9s de nuestro \u00e1rea de prensa digital, informamos con integridad, fomentamos la comunidad online y usamos redes sociales, podcasts y streaming para acercar el amor de Dios a todos, promoviendo valores familiares y el desarrollo espiritual en Los Lagos y m\u00e1s all\u00e1.<\/p>\n\n\n\n<p><\/p>\n\n\n\n<p><\/p>\n","protected":false},"excerpt":{"rendered":"<p>RADIO ADONAY FM es tu emisora de radio digital y FM nacida en el coraz\u00f3n de Los Lagos, Chile, dedicada a conectar comunidades a trav\u00e9s de la fe, la m\u00fasica inspiradora y noticias relevantes. Como \u00e1rea de prensa digital, somos un equipo apasionado de comunicadores, locutores y productores que fusionamos la calidez de la radio [&hellip;]<\/p>\n","protected":false},"author":4,"featured_media":0,"parent":0,"menu_order":0,"comment_status":"closed","ping_status":"open","template":"","meta":{"pagelayer_contact_templates":[],"_pagelayer_content":"","footnotes":""},"class_list":["post-2","page","type-page","status-publish","hentry"],"_links":{"self":[{"href":"https:\/\/radioadonayfm.cl\/index.php?rest_route=\/wp\/v2\/pages\/2","targetHints":{"allow":["GET"]}}],"collection":[{"href":"https:\/\/radioadonayfm.cl\/index.php?rest_route=\/wp\/v2\/pages"}],"about":[{"href":"https:\/\/radioadonayfm.cl\/index.php?rest_route=\/wp\/v2\/types\/page"}],"author":[{"embeddable":true,"href":"https:\/\/radioadonayfm.cl\/index.php?rest_route=\/wp\/v2\/users\/4"}],"replies":[{"embeddable":true,"href":"https:\/\/radioadonayfm.cl\/index.php?rest_route=%2Fwp%2Fv2%2Fcomments&post=2"}],"version-history":[{"count":5,"href":"https:\/\/radioadonayfm.cl\/index.php?rest_route=\/wp\/v2\/pages\/2\/revisions"}],"predecessor-version":[{"id":40,"href":"https:\/\/radioadonayfm.cl\/index.php?rest_route=\/wp\/v2\/pages\/2\/revisions\/40"}],"wp:attachment":[{"href":"https:\/\/radioadonayfm.cl\/index.php?rest_route=%2Fwp%2Fv2%2Fmedia&parent=2"}],"curies":[{"name":"wp","href":"https:\/\/api.w.org\/{rel}","templated":true}]}}